{"id":2343,"date":"2019-07-29T17:43:30","date_gmt":"2019-07-29T15:43:30","guid":{"rendered":"\/en\/?page_id=2343"},"modified":"2020-01-30T13:54:43","modified_gmt":"2020-01-30T12:54:43","slug":"coaching-and-support-for-family-members-and-caregivers","status":"publish","type":"page","link":"https:\/\/www.centremosaique.ca\/en\/services-for-adults\/coaching-and-support-for-family-members-and-caregivers\/","title":{"rendered":"Coaching and support for family members and Caregivers"},"content":{"rendered":"<p>[vc_row el_class=&#8221;marginblocPRDHomepage&#8221;][vc_column el_class=&#8221;fullwidthimg&#8221;]        <!--  <div class=\"vc_row wpb_row vc_row-fluid nopaddingtop vc_custom_1555579864616 vc_row-has-fill\"><div class=\"nopaddingtop wpb_column vc_column_container vc_col-sm-10 vc_col-has-fill\"><div class=\"vc_column-inner vc_custom_1555579931713\"><div class=\"wpb_wrapper\">\n                        <div class=\"wpb_single_image wpb_content_element vc_align_left\">\n\n                            <figure class=\"wpb_wrapper vc_figure\">\n                                <div class=\"vc_single_image-wrapper   vc_box_border_grey\"><img decoding=\"async\" width=\"1360\" height=\"585\" src=\"https:\/\/www.centremosaique.ca\/wp-content\/uploads\/2019\/07\/Groupe-595fff.jpg\" class=\"attachment-full size-full\" alt=\"\" srcset=\"https:\/\/www.centremosaique.ca\/wp-content\/uploads\/2019\/07\/Groupe-595fff.jpg 1360w, https:\/\/www.centremosaique.ca\/wp-content\/uploads\/2019\/07\/Groupe-595fff-300x129.jpg 300w, https:\/\/www.centremosaique.ca\/wp-content\/uploads\/2019\/07\/Groupe-595fff-768x330.jpg 768w, https:\/\/www.centremosaique.ca\/wp-content\/uploads\/2019\/07\/Groupe-595fff-1024x440.jpg 1024w\" sizes=\"(max-width: 1360px) 100vw, 1360px\" \/><\/div>\n                            <\/figure>\n                        <\/div>\n                    <\/div><\/div><\/div><div class=\"wpb_column vc_column_container vc_col-sm-2 bgyellowheader2\"><div class=\"vc_column-inner \"><div class=\"wpb_wrapper\"><button class=\"button1\">Prendre rendez-vous<\/button><\/div><\/div><\/div><\/div>\n-->\n\n        <div class=\"vc_row wpb_row vc_row-fluid marginblocPRDHomepage\"><div class=\"wpb_column vc_column_container vc_col-sm-12\"><div class=\"vc_column-inner\"><div class=\"wpb_wrapper\">\n                        <div class=\"wpb_single_image wpb_content_element vc_align_center\">\n\n                            <figure class=\"wpb_wrapper vc_figure\">\n                                <div class=\"vc_single_image-wrapper   vc_box_border_grey\"><img decoding=\"async\" width=\"1360\" height=\"585\" src=\"https:\/\/www.centremosaique.ca\/wp-content\/uploads\/2019\/07\/Groupe-595fff.jpg\" class=\"attachment-full size-full\" alt=\"\" srcset=\"https:\/\/www.centremosaique.ca\/wp-content\/uploads\/2019\/07\/Groupe-595fff.jpg 1360w, https:\/\/www.centremosaique.ca\/wp-content\/uploads\/2019\/07\/Groupe-595fff-300x129.jpg 300w, https:\/\/www.centremosaique.ca\/wp-content\/uploads\/2019\/07\/Groupe-595fff-768x330.jpg 768w, https:\/\/www.centremosaique.ca\/wp-content\/uploads\/2019\/07\/Groupe-595fff-1024x440.jpg 1024w\" sizes=\"(max-width: 1360px) 100vw, 1360px\" \/>                                    <div class=\"wpb_wrapper postexteImageCenter\"><h1 class=\"font40 regular  roboto white nomargin lineheight45 padding15T\">Coaching and support for family members<\/h1>                                             <button class=\"button1 margin30T\" >   <a style=\"color:white\" class=\"nounderline\" target=\"_blank\" href=\"https:\/\/www.gorendezvous.com\/en\/centremosaiquedequ%C3%A9bec\">Make an appointment<\/a><\/button>\n                                                                                <\/div>\n                                <\/div>\n\n                            <\/figure>\n\n                        <\/div>\n\n                    <\/div><\/div><\/div><\/div>\n        [\/vc_column][\/vc_row][vc_row el_class=&#8221;padding325x marginblocPRDHomepage padding70T&#8221;][vc_column][vc_column_text]<\/p>\n<h2 class=\"font40 light purple center roboto\">Coaching and support for family members and Caregivers<\/h2>\n<p>[\/vc_column_text][vc_column_text el_class=&#8221;font18 bold center roboto black lineheight24&#8243;]Cognitive decline, such as dementia or Alzheimer\u2019s and neurodegenerative diseases affect more and more people every year. This brings big challenges not only to the individual living with the disease but also to the family members who are supporting the individual.[\/vc_column_text][\/vc_column][\/vc_row][vc_row el_class=&#8221;padding230x padding50T marginblocPRDHomepage&#8221;][vc_column width=&#8221;2\/3&#8243;][vc_column_text el_class=&#8221;font18 regular roboto black lineheight24&#8243;]Caregivers and family members of individuals living with dementia or neurodegenerative disease ( for example\u00a0: Alzheimer\u2019s or Parkinson\u2019s disease) deal with big challenges in the day-to-day communication. The nature of the diseases implies that the needs of the person and their family evolve as the illness progresses. In order to adapt to these changes and to maintain good communication habits with your loved one, the Speech-Language Pathologists at Centre Mosa\u00efque de Qu\u00e9bec can offer support and coaching for you and your family.[\/vc_column_text][\/vc_column][vc_column width=&#8221;1\/3&#8243; el_class=&#8221;nomobile&#8221;][vc_single_image image=&#8221;382&#8243; img_size=&#8221;full&#8221; alignment=&#8221;center&#8221; el_class=&#8221;margin-10T nomobile&#8221;][\/vc_column][\/vc_row][vc_row el_class=&#8221;marginblocPRDHomepage&#8221;][vc_column el_class=&#8221;padding260x&#8221;][vc_column_text]<\/p>\n<h2 class=\"font40 light purple center roboto lineheight45\">Personalised support<br \/>\nfor the person and his entourage<\/h2>\n<p>[\/vc_column_text][vc_column_text el_class=&#8221;font18 bold center roboto black lineheight25&#8243;]Whether it is for the family directly, or the support staff attending to the individual, coaching services for caregivers offers personalized strategies and tools to address the individual\u2019s needs, no matter the stage of the illness.[\/vc_column_text][\/vc_column][\/vc_row][vc_row equal_height=&#8221;yes&#8221; el_class=&#8221;padding230left padding180R marginblocPRDHomepage padding55B padding50T&#8221;][vc_column width=&#8221;1\/2&#8243;][vc_single_image image=&#8221;639&#8243; img_size=&#8221;full&#8221; el_class=&#8221;fullwidthimg padding50R&#8221;][\/vc_column][vc_column width=&#8221;1\/2&#8243;][vc_column_text el_class=&#8221;font18 regular roboto black lineheight24&#8243;]Communication is a basic necessity and is required to make daily routines and needs function well. Different illnesses affect the communication abilities differently. A speech-language pathologist can help you understand the changes and the adaptation to better support your loved one.<\/p>\n<p>Whether it is strategies and techniques for the support staff working with your family member, or coaching techniques for you and your entourage, a speech-language pathologist is there to support you and ensure better communication.[\/vc_column_text][\/vc_column][\/vc_row][vc_row css=&#8221;.vc_custom_1562921337559{background-image: url(\/wp-content\/uploads\/2019\/07\/Groupe-582-5.png?id=1929) !important;background-position: center !important;background-repeat: no-repeat !important;background-size: cover !important;}&#8221; el_class=&#8221;marginblocPRDHomepage&#8221;][vc_column][vc_column_text el_class=&#8221;padding55B padding50T padding230x&#8221;]<\/p>\n<h2 class=\"font40 light purple center roboto lineheight45\">Maintaining Good Communication<br \/>\nat Every Stage of the Illness<\/h2>\n<p>[\/vc_column_text][vc_row_inner el_class=&#8221;marginblocPRDHomepage&#8221;][vc_column_inner el_class=&#8221;padding230left padding215R&#8221;][vc_single_image image=&#8221;640&#8243; img_size=&#8221;full&#8221; alignment=&#8221;center&#8221; el_class=&#8221;fullwidthimg&#8221;][\/vc_column_inner][\/vc_row_inner][vc_row_inner el_class=&#8221;padding230left padding215R marginblocPRDHomepage padding50T padding55B&#8221;][vc_column_inner width=&#8221;1\/2&#8243;][vc_column_text el_class=&#8221;font18 regular roboto black lineheight24&#8243;]Depending on the evolution of the illness, maintaining good quality of life as well as individual autonomy can be a big challenge. As such, a diagnosis as early as possible is essential. This allows for measures to be put in place adapt to the individual while they are still able to learn and adapt to new communication habits. Within the Quebec City region, people with dementia have access to specialised services for early detection and diagnosis at the interdisciplinary Clinique de la M\u00e9moire \u00e0 Enfant-J\u00e9sus hospital. This is an excellent opportunity to intervene before the illness limits an individual\u2019s capabilities.[\/vc_column_text][\/vc_column_inner][vc_column_inner width=&#8221;1\/2&#8243;][vc_column_text el_class=&#8221;font18 regular roboto black lineheight24 margin35left&#8221;]It is possible to optimise communication with caregivers and family members at every stage of illness. More and more tools to compensate and support communication are available and can help you maintain good exchanges and conversation with your loved one. Your speech-language pathologist can help you choose the most effective methods for your needs and those of your caregivers.[\/vc_column_text][\/vc_column_inner][\/vc_row_inner][\/vc_column][\/vc_row][vc_row el_class=&#8221;marginblocPRDHomepage&#8221;][vc_column el_class=&#8221;fullwidthimg&#8221;][vc_single_image image=&#8221;115&#8243; img_size=&#8221;full&#8221; el_class=&#8221;padding90B nomobile notablette&#8221;][vc_row_inner el_class=&#8221;posblocwhite marginblocPRDHomepage&#8221;][vc_column_inner width=&#8221;2\/12&#8243;][\/vc_column_inner][vc_column_inner width=&#8221;8\/12&#8243;][vc_column_text el_class=&#8221;font18 regular roboto center black padding60x bgwhite lineheight24 padding55B&#8221;]<\/p>\n<p class=\"font40 light purple center roboto bgwhite padding50T\">Conclusion<\/p>\n<p class=\"padding20B\">The coaching and support offered to caregivers allows for a better understanding of the communication difficulties that can come with degenerative illnesses. Our approach at Centre Mosa\u00efque will help you better understand the changes and support your adaptation to ensure good communication within your family. In addition, we make house calls \u2013 services can occur in your home or residential health setting.<\/p>\n<p>[\/vc_column_text][\/vc_column_inner][vc_column_inner width=&#8221;2\/12&#8243;][\/vc_column_inner][\/vc_row_inner][\/vc_column][\/vc_row][vc_row css=&#8221;.vc_custom_1562772937380{background-image: url(\/wp-content\/uploads\/2019\/05\/Symbole-9-\u2013-1.png?id=18) !important;background-position: center !important;background-repeat: no-repeat !important;background-size: cover !important;}&#8221; el_class=&#8221;marginblocPRDHomepage posblocPRDhomepage&#8221;][vc_column el_class=&#8221;paddBlocPRD3&#8243;][vc_column_text el_class=&#8221;font40 light center white roboto margin5leftM&#8221;]Make an appointment[\/vc_column_text][vc_column_text el_class=&#8221;font18 regular white center roboto padding400x&#8221;]The Centre Mosa\u00efque is committed to providing prompt care to meet your needs. Feel free to contact us to find out how our speech therapists can help you.[\/vc_column_text][vc_column_text el_class=&#8221;center&#8221;]<button class=\"button2\"><a class=\"nounderline\" style=\"color: #004f9a;\" href=\"https:\/\/www.gorendezvous.com\/en\/centremosaiquedequ\u00e9bec\" target=\"_blank\" rel=\"noopener noreferrer\">Contact us<\/a><\/button>[\/vc_column_text][\/vc_column][\/vc_row]<\/p>\n","protected":false},"excerpt":{"rendered":"<p>[vc_row el_class=&#8221;marginblocPRDHomepage&#8221;][vc_column el_class=&#8221;fullwidthimg&#8221;][\/vc_column][\/vc_row][vc_row el_class=&#8221;padding325x marginblocPRDHomepage padding70T&#8221;][vc_column][vc_column_text] Coaching and support for family members and Caregivers [\/vc_column_text][vc_column_text el_class=&#8221;font18 bold center roboto black lineheight24&#8243;]Cognitive decline, such as dementia or Alzheimer\u2019s and neurodegenerative diseases affect more and more people every year. This brings big challenges not only to the individual living with the disease but also to the family [&hellip;]<\/p>\n","protected":false},"author":2,"featured_media":0,"parent":2333,"menu_order":0,"comment_status":"closed","ping_status":"closed","template":"","meta":{"footnotes":""},"class_list":["post-2343","page","type-page","status-publish","hentry"],"yoast_head":"<!-- This site is optimized with the Yoast SEO plugin v27.2 - https:\/\/yoast.com\/product\/yoast-seo-wordpress\/ -->\n<title>Coaching and support for family members and Caregivers - Centre Mosa\u00efque de Qu\u00e9bec Clinique d&#039;orthophonie<\/title>\n<meta name=\"robots\" content=\"index, follow, max-snippet:-1, max-image-preview:large, max-video-preview:-1\" \/>\n<link rel=\"canonical\" href=\"https:\/\/www.centremosaique.ca\/en\/services-for-adults\/coaching-and-support-for-family-members-and-caregivers\/\" \/>\n<meta property=\"og:locale\" content=\"en_US\" \/>\n<meta property=\"og:type\" content=\"article\" \/>\n<meta property=\"og:title\" content=\"Coaching and support for family members and Caregivers - Centre Mosa\u00efque de Qu\u00e9bec Clinique d&#039;orthophonie\" \/>\n<meta property=\"og:description\" content=\"[vc_row el_class=&#8221;marginblocPRDHomepage&#8221;][vc_column el_class=&#8221;fullwidthimg&#8221;][\/vc_column][\/vc_row][vc_row el_class=&#8221;padding325x marginblocPRDHomepage padding70T&#8221;][vc_column][vc_column_text] Coaching and support for family members and Caregivers [\/vc_column_text][vc_column_text el_class=&#8221;font18 bold center roboto black lineheight24&#8243;]Cognitive decline, such as dementia or Alzheimer\u2019s and neurodegenerative diseases affect more and more people every year. This brings big challenges not only to the individual living with the disease but also to the family [&hellip;]\" \/>\n<meta property=\"og:url\" content=\"https:\/\/www.centremosaique.ca\/en\/services-for-adults\/coaching-and-support-for-family-members-and-caregivers\/\" \/>\n<meta property=\"og:site_name\" content=\"Centre Mosa\u00efque de Qu\u00e9bec Clinique d&#039;orthophonie\" \/>\n<meta property=\"article:modified_time\" content=\"2020-01-30T12:54:43+00:00\" \/>\n<meta name=\"twitter:card\" content=\"summary_large_image\" \/>\n<meta name=\"twitter:label1\" content=\"Est. reading time\" \/>\n\t<meta name=\"twitter:data1\" content=\"5 minutes\" \/>\n<script type=\"application\/ld+json\" class=\"yoast-schema-graph\">{\"@context\":\"https:\/\/schema.org\",\"@graph\":[{\"@type\":\"WebPage\",\"@id\":\"https:\/\/www.centremosaique.ca\/en\/services-for-adults\/coaching-and-support-for-family-members-and-caregivers\/\",\"url\":\"https:\/\/www.centremosaique.ca\/en\/services-for-adults\/coaching-and-support-for-family-members-and-caregivers\/\",\"name\":\"Coaching and support for family members and Caregivers - Centre Mosa\u00efque de Qu\u00e9bec Clinique d&#039;orthophonie\",\"isPartOf\":{\"@id\":\"https:\/\/www.centremosaique.ca\/#website\"},\"datePublished\":\"2019-07-29T15:43:30+00:00\",\"dateModified\":\"2020-01-30T12:54:43+00:00\",\"breadcrumb\":{\"@id\":\"https:\/\/www.centremosaique.ca\/en\/services-for-adults\/coaching-and-support-for-family-members-and-caregivers\/#breadcrumb\"},\"inLanguage\":\"en-US\",\"potentialAction\":[{\"@type\":\"ReadAction\",\"target\":[\"https:\/\/www.centremosaique.ca\/en\/services-for-adults\/coaching-and-support-for-family-members-and-caregivers\/\"]}]},{\"@type\":\"BreadcrumbList\",\"@id\":\"https:\/\/www.centremosaique.ca\/en\/services-for-adults\/coaching-and-support-for-family-members-and-caregivers\/#breadcrumb\",\"itemListElement\":[{\"@type\":\"ListItem\",\"position\":1,\"name\":\"Accueil\",\"item\":\"https:\/\/www.centremosaique.ca\/en\/\"},{\"@type\":\"ListItem\",\"position\":2,\"name\":\"Services for adults\",\"item\":\"https:\/\/www.centremosaique.ca\/en\/services-for-adults\/\"},{\"@type\":\"ListItem\",\"position\":3,\"name\":\"Coaching and support for family members and Caregivers\"}]},{\"@type\":\"WebSite\",\"@id\":\"https:\/\/www.centremosaique.ca\/#website\",\"url\":\"https:\/\/www.centremosaique.ca\/\",\"name\":\"Centre Mosa\u00efque de Qu\u00e9bec Clinique d&#039;orthophonie\",\"description\":\"\",\"publisher\":{\"@id\":\"https:\/\/www.centremosaique.ca\/#organization\"},\"potentialAction\":[{\"@type\":\"SearchAction\",\"target\":{\"@type\":\"EntryPoint\",\"urlTemplate\":\"https:\/\/www.centremosaique.ca\/?s={search_term_string}\"},\"query-input\":{\"@type\":\"PropertyValueSpecification\",\"valueRequired\":true,\"valueName\":\"search_term_string\"}}],\"inLanguage\":\"en-US\"},{\"@type\":\"Organization\",\"@id\":\"https:\/\/www.centremosaique.ca\/#organization\",\"name\":\"Centre Mosa\u00efque de Qu\u00e9bec Clinique d&#039;orthophonie\",\"url\":\"https:\/\/www.centremosaique.ca\/\",\"logo\":{\"@type\":\"ImageObject\",\"inLanguage\":\"en-US\",\"@id\":\"https:\/\/www.centremosaique.ca\/#\/schema\/logo\/image\/\",\"url\":\"https:\/\/www.centremosaique.ca\/wp-content\/uploads\/2019\/08\/logo-header.png\",\"contentUrl\":\"https:\/\/www.centremosaique.ca\/wp-content\/uploads\/2019\/08\/logo-header.png\",\"width\":369,\"height\":90,\"caption\":\"Centre Mosa\u00efque de Qu\u00e9bec Clinique d&#039;orthophonie\"},\"image\":{\"@id\":\"https:\/\/www.centremosaique.ca\/#\/schema\/logo\/image\/\"}}]}<\/script>\n<!-- \/ Yoast SEO plugin. -->","yoast_head_json":{"title":"Coaching and support for family members and Caregivers - Centre Mosa\u00efque de Qu\u00e9bec Clinique d&#039;orthophonie","robots":{"index":"index","follow":"follow","max-snippet":"max-snippet:-1","max-image-preview":"max-image-preview:large","max-video-preview":"max-video-preview:-1"},"canonical":"https:\/\/www.centremosaique.ca\/en\/services-for-adults\/coaching-and-support-for-family-members-and-caregivers\/","og_locale":"en_US","og_type":"article","og_title":"Coaching and support for family members and Caregivers - Centre Mosa\u00efque de Qu\u00e9bec Clinique d&#039;orthophonie","og_description":"[vc_row el_class=&#8221;marginblocPRDHomepage&#8221;][vc_column el_class=&#8221;fullwidthimg&#8221;][\/vc_column][\/vc_row][vc_row el_class=&#8221;padding325x marginblocPRDHomepage padding70T&#8221;][vc_column][vc_column_text] Coaching and support for family members and Caregivers [\/vc_column_text][vc_column_text el_class=&#8221;font18 bold center roboto black lineheight24&#8243;]Cognitive decline, such as dementia or Alzheimer\u2019s and neurodegenerative diseases affect more and more people every year. This brings big challenges not only to the individual living with the disease but also to the family [&hellip;]","og_url":"https:\/\/www.centremosaique.ca\/en\/services-for-adults\/coaching-and-support-for-family-members-and-caregivers\/","og_site_name":"Centre Mosa\u00efque de Qu\u00e9bec Clinique d&#039;orthophonie","article_modified_time":"2020-01-30T12:54:43+00:00","twitter_card":"summary_large_image","twitter_misc":{"Est. reading time":"5 minutes"},"schema":{"@context":"https:\/\/schema.org","@graph":[{"@type":"WebPage","@id":"https:\/\/www.centremosaique.ca\/en\/services-for-adults\/coaching-and-support-for-family-members-and-caregivers\/","url":"https:\/\/www.centremosaique.ca\/en\/services-for-adults\/coaching-and-support-for-family-members-and-caregivers\/","name":"Coaching and support for family members and Caregivers - Centre Mosa\u00efque de Qu\u00e9bec Clinique d&#039;orthophonie","isPartOf":{"@id":"https:\/\/www.centremosaique.ca\/#website"},"datePublished":"2019-07-29T15:43:30+00:00","dateModified":"2020-01-30T12:54:43+00:00","breadcrumb":{"@id":"https:\/\/www.centremosaique.ca\/en\/services-for-adults\/coaching-and-support-for-family-members-and-caregivers\/#breadcrumb"},"inLanguage":"en-US","potentialAction":[{"@type":"ReadAction","target":["https:\/\/www.centremosaique.ca\/en\/services-for-adults\/coaching-and-support-for-family-members-and-caregivers\/"]}]},{"@type":"BreadcrumbList","@id":"https:\/\/www.centremosaique.ca\/en\/services-for-adults\/coaching-and-support-for-family-members-and-caregivers\/#breadcrumb","itemListElement":[{"@type":"ListItem","position":1,"name":"Accueil","item":"https:\/\/www.centremosaique.ca\/en\/"},{"@type":"ListItem","position":2,"name":"Services for adults","item":"https:\/\/www.centremosaique.ca\/en\/services-for-adults\/"},{"@type":"ListItem","position":3,"name":"Coaching and support for family members and Caregivers"}]},{"@type":"WebSite","@id":"https:\/\/www.centremosaique.ca\/#website","url":"https:\/\/www.centremosaique.ca\/","name":"Centre Mosa\u00efque de Qu\u00e9bec Clinique d&#039;orthophonie","description":"","publisher":{"@id":"https:\/\/www.centremosaique.ca\/#organization"},"potentialAction":[{"@type":"SearchAction","target":{"@type":"EntryPoint","urlTemplate":"https:\/\/www.centremosaique.ca\/?s={search_term_string}"},"query-input":{"@type":"PropertyValueSpecification","valueRequired":true,"valueName":"search_term_string"}}],"inLanguage":"en-US"},{"@type":"Organization","@id":"https:\/\/www.centremosaique.ca\/#organization","name":"Centre Mosa\u00efque de Qu\u00e9bec Clinique d&#039;orthophonie","url":"https:\/\/www.centremosaique.ca\/","logo":{"@type":"ImageObject","inLanguage":"en-US","@id":"https:\/\/www.centremosaique.ca\/#\/schema\/logo\/image\/","url":"https:\/\/www.centremosaique.ca\/wp-content\/uploads\/2019\/08\/logo-header.png","contentUrl":"https:\/\/www.centremosaique.ca\/wp-content\/uploads\/2019\/08\/logo-header.png","width":369,"height":90,"caption":"Centre Mosa\u00efque de Qu\u00e9bec Clinique d&#039;orthophonie"},"image":{"@id":"https:\/\/www.centremosaique.ca\/#\/schema\/logo\/image\/"}}]}},"_links":{"self":[{"href":"https:\/\/www.centremosaique.ca\/en\/wp-json\/wp\/v2\/pages\/2343","targetHints":{"allow":["GET"]}}],"collection":[{"href":"https:\/\/www.centremosaique.ca\/en\/wp-json\/wp\/v2\/pages"}],"about":[{"href":"https:\/\/www.centremosaique.ca\/en\/wp-json\/wp\/v2\/types\/page"}],"author":[{"embeddable":true,"href":"https:\/\/www.centremosaique.ca\/en\/wp-json\/wp\/v2\/users\/2"}],"replies":[{"embeddable":true,"href":"https:\/\/www.centremosaique.ca\/en\/wp-json\/wp\/v2\/comments?post=2343"}],"version-history":[{"count":5,"href":"https:\/\/www.centremosaique.ca\/en\/wp-json\/wp\/v2\/pages\/2343\/revisions"}],"predecessor-version":[{"id":3260,"href":"https:\/\/www.centremosaique.ca\/en\/wp-json\/wp\/v2\/pages\/2343\/revisions\/3260"}],"up":[{"embeddable":true,"href":"https:\/\/www.centremosaique.ca\/en\/wp-json\/wp\/v2\/pages\/2333"}],"wp:attachment":[{"href":"https:\/\/www.centremosaique.ca\/en\/wp-json\/wp\/v2\/media?parent=2343"}],"curies":[{"name":"wp","href":"https:\/\/api.w.org\/{rel}","templated":true}]}}